{"id":27,"date":"2017-07-03T01:08:21","date_gmt":"2017-07-03T01:08:21","guid":{"rendered":"http:\/\/www.ldmsoluciones.com\/consultoria\/?page_id=27"},"modified":"2024-01-28T08:49:33","modified_gmt":"2024-01-28T08:49:33","slug":"contacto","status":"publish","type":"page","link":"https:\/\/ldmconsultoria.com\/web\/contacto\/","title":{"rendered":"Cont\u00e1ctanos"},"content":{"rendered":"<p>Horario<br \/>\n\t\t\t\t\t\t\tNuestro horario de atenci\u00f3n es de <b>lunes a viernes de 9:00 a 14:00 y de 16:00 a 19:00.<\/b><\/p>\n<p>A\u00fan as\u00ed, no dude en rellenar este formulario para ponerse en contacto con nosotros, que le responderemos a la mayor brevedad.<br \/>\n\t\t\t\t\t\t\t\t\t\t<button type=\"button\" style=\"display: none;\">&times;Descartar alerta<\/button><br \/>\n\t\t\n<div class=\"wpcf7 no-js\" id=\"wpcf7-f79-o1\" lang=\"es-ES\" dir=\"ltr\" data-wpcf7-id=\"79\">\n<div class=\"screen-reader-response\"><p role=\"status\" aria-live=\"polite\" aria-atomic=\"true\"><\/p> <ul><\/ul><\/div>\n<form action=\"\/web\/wp-json\/wp\/v2\/pages\/27#wpcf7-f79-o1\" method=\"post\" class=\"wpcf7-form init\" aria-label=\"Formulario de contacto\" novalidate=\"novalidate\" data-status=\"init\">\n<fieldset class=\"hidden-fields-container\"><input type=\"hidden\" name=\"_wpcf7\" value=\"79\" \/><input type=\"hidden\" name=\"_wpcf7_version\" value=\"6.1.5\" \/><input type=\"hidden\" name=\"_wpcf7_locale\" value=\"es_ES\" \/><input type=\"hidden\" name=\"_wpcf7_unit_tag\" value=\"wpcf7-f79-o1\" \/><input type=\"hidden\" name=\"_wpcf7_container_post\" value=\"0\" \/><input type=\"hidden\" name=\"_wpcf7_posted_data_hash\" value=\"\" \/><input type=\"hidden\" name=\"_wpcf7_recaptcha_response\" value=\"\" \/>\n<\/fieldset>\n<p><label> Nombre (requerido)<br \/>\n<span class=\"wpcf7-form-control-wrap\" data-name=\"your-name\"><input size=\"40\" maxlength=\"400\" class=\"wpcf7-form-control wpcf7-text wpcf7-validates-as-required\" aria-required=\"true\" aria-invalid=\"false\" value=\"\" type=\"text\" name=\"your-name\" \/><\/span> <\/label>\n<\/p>\n<p><label> Tu correo electr\u00f3nico (requerido)<br \/>\n<span class=\"wpcf7-form-control-wrap\" data-name=\"your-email\"><input size=\"40\" maxlength=\"400\" class=\"wpcf7-form-control wpcf7-email wpcf7-validates-as-required wpcf7-text wpcf7-validates-as-email\" aria-required=\"true\" aria-invalid=\"false\" value=\"\" type=\"email\" name=\"your-email\" \/><\/span> <\/label>\n<\/p>\n<p><label> Asunto (requerido)<br \/>\n<span class=\"wpcf7-form-control-wrap\" data-name=\"your-subject\"><input size=\"40\" maxlength=\"400\" class=\"wpcf7-form-control wpcf7-text\" aria-invalid=\"false\" value=\"\" type=\"text\" name=\"your-subject\" \/><\/span> <\/label>\n<\/p>\n<p><label> Mensaje<br \/>\n<span class=\"wpcf7-form-control-wrap\" data-name=\"your-message\"><textarea cols=\"40\" rows=\"10\" maxlength=\"2000\" class=\"wpcf7-form-control wpcf7-textarea\" aria-invalid=\"false\" name=\"your-message\"><\/textarea><\/span> <\/label>\n<\/p>\n<p><input class=\"wpcf7-form-control wpcf7-submit has-spinner\" type=\"submit\" value=\"Enviar\" \/>\n<\/p><p style=\"display: none !important;\" class=\"akismet-fields-container\" data-prefix=\"_wpcf7_ak_\"><label>&#916;<textarea name=\"_wpcf7_ak_hp_textarea\" cols=\"45\" rows=\"8\" maxlength=\"100\"><\/textarea><\/label><input type=\"hidden\" id=\"ak_js_1\" name=\"_wpcf7_ak_js\" value=\"199\"\/><script>document.getElementById( \"ak_js_1\" ).setAttribute( \"value\", ( new Date() ).getTime() );<\/script><\/p><div class=\"wpcf7-response-output\" aria-hidden=\"true\"><\/div>\n<\/form>\n<\/div>\n<br \/>\n&nbsp;<br \/>\n&nbsp;<\/p>\n<figure>\n<img decoding=\"async\" width=\"203\" height=\"232\" src=\"http:\/\/ldmconsultoria.com\/web\/wp-content\/uploads\/2020\/12\/atcli.jpg\" alt=\"Atenci\u00f3n al cliente\" loading=\"lazy\" \/><figcaption>Esperamos su correo&#8230;<\/figcaption><\/figure>\n","protected":false},"excerpt":{"rendered":"<p>Horario Nuestro horario de atenci\u00f3n es de lunes a viernes de 9:00 a 14:00 y de 16:00 a 19:00. A\u00fan as\u00ed, no dude en rellenar este formulario para ponerse en contacto con nosotros, que le responderemos a la mayor brevedad. &times;Descartar alerta &nbsp; &nbsp; Esperamos su correo&#8230;<\/p>\n","protected":false},"author":1,"featured_media":0,"parent":0,"menu_order":0,"comment_status":"closed","ping_status":"closed","template":"","meta":{"footnotes":""},"class_list":["post-27","page","type-page","status-publish","hentry"],"_links":{"self":[{"href":"https:\/\/ldmconsultoria.com\/web\/wp-json\/wp\/v2\/pages\/27","targetHints":{"allow":["GET"]}}],"collection":[{"href":"https:\/\/ldmconsultoria.com\/web\/wp-json\/wp\/v2\/pages"}],"about":[{"href":"https:\/\/ldmconsultoria.com\/web\/wp-json\/wp\/v2\/types\/page"}],"author":[{"embeddable":true,"href":"https:\/\/ldmconsultoria.com\/web\/wp-json\/wp\/v2\/users\/1"}],"replies":[{"embeddable":true,"href":"https:\/\/ldmconsultoria.com\/web\/wp-json\/wp\/v2\/comments?post=27"}],"version-history":[{"count":2,"href":"https:\/\/ldmconsultoria.com\/web\/wp-json\/wp\/v2\/pages\/27\/revisions"}],"predecessor-version":[{"id":417,"href":"https:\/\/ldmconsultoria.com\/web\/wp-json\/wp\/v2\/pages\/27\/revisions\/417"}],"wp:attachment":[{"href":"https:\/\/ldmconsultoria.com\/web\/wp-json\/wp\/v2\/media?parent=27"}],"curies":[{"name":"wp","href":"https:\/\/api.w.org\/{rel}","templated":true}]}}