{"id":398,"date":"2024-01-27T11:06:52","date_gmt":"2024-01-27T11:06:52","guid":{"rendered":"https:\/\/ldmconsultoria.com\/web\/?page_id=398"},"modified":"2026-01-25T07:14:30","modified_gmt":"2026-01-25T07:14:30","slug":"inicio-2","status":"publish","type":"page","link":"http:\/\/ldmconsultoria.com\/web\/","title":{"rendered":"Gracias"},"content":{"rendered":"\n<p>LDM Consultor\u00eda ya no desarrolla su actividad. Mantiene algunos clientes debido a su vinculaci\u00f3n hist\u00f3rica.<\/p>\n\n\n\n<p>Disculpen las molestias.<\/p>\n\n\n\n<p>Gracias por su atenci\u00f3n.<\/p>\n\n\n\n<div class=\"wp-block-columns is-layout-flex wp-container-core-columns-is-layout-28f84493 wp-block-columns-is-layout-flex\">\n<div class=\"wp-block-column is-layout-flow wp-block-column-is-layout-flow\" style=\"flex-basis:100%\">\n<figure class=\"wp-block-image size-full is-resized wp-duotone-000000-ffffff-1\"><img loading=\"lazy\" decoding=\"async\" width=\"380\" height=\"230\" src=\"https:\/\/ldmconsultoria.com\/web\/wp-content\/uploads\/2024\/01\/vaciado1.jpeg\" alt=\"\" class=\"wp-image-399\" style=\"width:845px;height:auto\" srcset=\"http:\/\/ldmconsultoria.com\/web\/wp-content\/uploads\/2024\/01\/vaciado1.jpeg 380w, http:\/\/ldmconsultoria.com\/web\/wp-content\/uploads\/2024\/01\/vaciado1-300x182.jpeg 300w\" sizes=\"auto, (max-width: 380px) 100vw, 380px\" \/><\/figure>\n<\/div>\n<\/div>\n","protected":false},"excerpt":{"rendered":"<p>LDM Consultor\u00eda ya no desarrolla su actividad. Mantiene algunos clientes debido a su vinculaci\u00f3n hist\u00f3rica. Disculpen las molestias. Gracias por su atenci\u00f3n.<\/p>\n","protected":false},"author":1,"featured_media":33,"parent":0,"menu_order":0,"comment_status":"closed","ping_status":"closed","template":"","meta":{"footnotes":""},"class_list":["post-398","page","type-page","status-publish","has-post-thumbnail","hentry"],"_links":{"self":[{"href":"http:\/\/ldmconsultoria.com\/web\/wp-json\/wp\/v2\/pages\/398","targetHints":{"allow":["GET"]}}],"collection":[{"href":"http:\/\/ldmconsultoria.com\/web\/wp-json\/wp\/v2\/pages"}],"about":[{"href":"http:\/\/ldmconsultoria.com\/web\/wp-json\/wp\/v2\/types\/page"}],"author":[{"embeddable":true,"href":"http:\/\/ldmconsultoria.com\/web\/wp-json\/wp\/v2\/users\/1"}],"replies":[{"embeddable":true,"href":"http:\/\/ldmconsultoria.com\/web\/wp-json\/wp\/v2\/comments?post=398"}],"version-history":[{"count":3,"href":"http:\/\/ldmconsultoria.com\/web\/wp-json\/wp\/v2\/pages\/398\/revisions"}],"predecessor-version":[{"id":418,"href":"http:\/\/ldmconsultoria.com\/web\/wp-json\/wp\/v2\/pages\/398\/revisions\/418"}],"wp:featuredmedia":[{"embeddable":true,"href":"http:\/\/ldmconsultoria.com\/web\/wp-json\/wp\/v2\/media\/33"}],"wp:attachment":[{"href":"http:\/\/ldmconsultoria.com\/web\/wp-json\/wp\/v2\/media?parent=398"}],"curies":[{"name":"wp","href":"https:\/\/api.w.org\/{rel}","templated":true}]}}